{"id":1852,"date":"2021-03-13T21:15:18","date_gmt":"2021-03-13T20:15:18","guid":{"rendered":"http:\/\/wp13616068.server-he.de\/?page_id=1852"},"modified":"2021-05-27T21:50:18","modified_gmt":"2021-05-27T19:50:18","slug":"informationen","status":"publish","type":"page","link":"https:\/\/hesse-auktionen.de\/en\/informationen\/","title":{"rendered":"About Us"},"content":{"rendered":"\t<section class=\"section\" id=\"section_1307016245\">\n\t\t<div class=\"bg section-bg fill bg-fill  bg-loaded\" >\n\n\t\t\t\n\t\t\t\n\t\t\t\n\n\t\t<\/div>\n\n\t\t\n\n\t\t<div class=\"section-content relative\">\n\t\t\t\n<h2 style=\"text-align: center; margin-top: 40px; margin-bottom: 40px;\">About Us<\/h2>\n<div class=\"row row-large\"  id=\"row-1047190047\">\n\n\t<div id=\"col-381805100\" class=\"col medium-6 small-12 large-6\"  >\n\t\t\t\t<div class=\"col-inner\"  >\n\t\t\t\n\t\t\t\n\t<div class=\"img has-hover x md-x lg-x y md-y lg-y\" id=\"image_1167745576\">\n\t\t\t\t\t\t\t\t<div class=\"img-inner image-cover box-shadow-2 dark\" style=\"padding-top:100%;margin:0 0px 0px 0px;\">\n\t\t\t<img loading=\"lazy\" decoding=\"async\" width=\"2534\" height=\"2560\" src=\"https:\/\/hesse-auktionen.de\/wp-content\/uploads\/2021\/04\/CH-scaled.jpg\" class=\"attachment-original size-original\" alt=\"\" srcset=\"https:\/\/hesse-auktionen.de\/wp-content\/uploads\/2021\/04\/CH-scaled.jpg 2534w, https:\/\/hesse-auktionen.de\/wp-content\/uploads\/2021\/04\/CH-scaled-320x323.jpg 320w, https:\/\/hesse-auktionen.de\/wp-content\/uploads\/2021\/04\/CH-100x100.jpg 100w, https:\/\/hesse-auktionen.de\/wp-content\/uploads\/2021\/04\/CH-scaled-1200x1212.jpg 1200w, https:\/\/hesse-auktionen.de\/wp-content\/uploads\/2021\/04\/CH-297x300.jpg 297w, https:\/\/hesse-auktionen.de\/wp-content\/uploads\/2021\/04\/CH-1014x1024.jpg 1014w, https:\/\/hesse-auktionen.de\/wp-content\/uploads\/2021\/04\/CH-768x776.jpg 768w, https:\/\/hesse-auktionen.de\/wp-content\/uploads\/2021\/04\/CH-1521x1536.jpg 1521w, https:\/\/hesse-auktionen.de\/wp-content\/uploads\/2021\/04\/CH-2027x2048.jpg 2027w, https:\/\/hesse-auktionen.de\/wp-content\/uploads\/2021\/04\/CH-600x606.jpg 600w\" sizes=\"auto, (max-width: 2534px) 100vw, 2534px\" \/>\t\t\t\t\t\t\n\t\t\t\t\t<\/div>\n\t\t\t\t\t\t\t\t\n<style>\n#image_1167745576 {\n  width: 100%;\n}\n<\/style>\n\t<\/div>\n\t\n<h5>Christian Hesse<\/h5>\n<p style=\"font-size: 15px;\">Auctioneer since 2001<br \/>\nBookseller and Antiquarian since 1985 in Leipzig, Chemnitz and Hamburg<\/p>\n\t\t<\/div>\n\t\t\t\t\t<\/div>\n\n\t\n\n\t<div id=\"col-817935268\" class=\"col medium-6 small-12 large-6\"  >\n\t\t\t\t<div class=\"col-inner\"  >\n\t\t\t\n\t\t\t\n\t<div class=\"img has-hover x md-x lg-x y md-y lg-y\" id=\"image_1707589040\">\n\t\t\t\t\t\t\t\t<div class=\"img-inner image-cover box-shadow-2 dark\" style=\"padding-top:100%;\">\n\t\t\t<img loading=\"lazy\" decoding=\"async\" width=\"1020\" height=\"987\" src=\"https:\/\/hesse-auktionen.de\/wp-content\/uploads\/2021\/04\/GH-1024x991.jpg\" class=\"attachment-large size-large\" alt=\"\" srcset=\"https:\/\/hesse-auktionen.de\/wp-content\/uploads\/2021\/04\/GH-1024x991.jpg 1024w, https:\/\/hesse-auktionen.de\/wp-content\/uploads\/2021\/04\/GH-scaled-320x310.jpg 320w, https:\/\/hesse-auktionen.de\/wp-content\/uploads\/2021\/04\/GH-scaled-1200x1161.jpg 1200w, https:\/\/hesse-auktionen.de\/wp-content\/uploads\/2021\/04\/GH-300x290.jpg 300w, https:\/\/hesse-auktionen.de\/wp-content\/uploads\/2021\/04\/GH-768x743.jpg 768w, https:\/\/hesse-auktionen.de\/wp-content\/uploads\/2021\/04\/GH-100x97.jpg 100w, https:\/\/hesse-auktionen.de\/wp-content\/uploads\/2021\/04\/GH-1536x1486.jpg 1536w, https:\/\/hesse-auktionen.de\/wp-content\/uploads\/2021\/04\/GH-2048x1981.jpg 2048w, https:\/\/hesse-auktionen.de\/wp-content\/uploads\/2021\/04\/GH-600x580.jpg 600w\" sizes=\"auto, (max-width: 1020px) 100vw, 1020px\" \/>\t\t\t\t\t\t\n\t\t\t\t\t<\/div>\n\t\t\t\t\t\t\t\t\n<style>\n#image_1707589040 {\n  width: 100%;\n}\n<\/style>\n\t<\/div>\n\t\n<h5 style=\"text-align: left;\">Grit Hesse<\/h5>\n<p style=\"font-size: 15px; text-align: left;\">Photography of Books and Fine Art for auction houses since 2003<\/p>\n\t\t<\/div>\n\t\t\t\t\t<\/div>\n\n\t\n<\/div>\n<h2 style=\"text-align: center; margin-top: 30px;\">Service<\/h2>\n<p style=\"text-align: center; font-size: 15px; margin-bottom: 35px;\">In addition to our auctions we offer:<\/p>\n<div class=\"row\"  id=\"row-756490050\">\n\n\t<div id=\"col-1051487282\" class=\"col medium-2 small-12 large-2\"  >\n\t\t\t\t<div class=\"col-inner\"  >\n\t\t\t\n\t\t\t\n\t\t<\/div>\n\t\t\t\t\t<\/div>\n\n\t\n\n\t<div id=\"col-1669473464\" class=\"col medium-4 small-12 large-4\"  >\n\t\t\t\t<div class=\"col-inner text-center\"  >\n\t\t\t\n\t<div class=\"is-border\"\n\t\tstyle=\"border-color:rgb(0, 63, 119);border-width:1px 1px 1px 1px;\">\n\t<\/div>\n\t\t\t\n<p style=\"text-align: center; margin-bottom: auto; font-size: 18px; font-family: sofia-pro;\"><span data-text-color=\"primary\"><strong>Preparation of expert opinions <\/strong><\/span><br \/>\n<span data-text-color=\"primary\"><strong>and evaluations for antiquarian <\/strong><\/span><br \/>\n<span data-text-color=\"primary\"><strong>books and similar items<\/strong><\/span><\/p>\n\t\t<\/div>\n\t\t\t\t\n<style>\n#col-1669473464 > .col-inner {\n  padding: 60px 0px 60px 0px;\n}\n<\/style>\n\t<\/div>\n\n\t\n\n\t<div id=\"col-1015905826\" class=\"col medium-4 small-12 large-4\"  >\n\t\t\t\t<div class=\"col-inner text-center\"  >\n\t\t\t\n\t<div class=\"is-border\"\n\t\tstyle=\"border-color:rgb(0, 63, 119);border-width:1px 1px 1px 1px;\">\n\t<\/div>\n\t\t\t\n<p style=\"text-align: center; margin-bottom: auto; font-size: 18px; font-family: sofia-pro;\"><span data-text-color=\"primary\"><strong>Advice on building<\/strong><\/span><br \/>\n<span data-text-color=\"primary\"><strong> and restructuring<\/strong><\/span><br \/>\n<span data-text-color=\"primary\"><strong> collections<\/strong><\/span><\/p>\n\t\t<\/div>\n\t\t\t\t\n<style>\n#col-1015905826 > .col-inner {\n  padding: 60px 0px 60px 0px;\n}\n<\/style>\n\t<\/div>\n\n\t\n\n\t<div id=\"col-409574185\" class=\"col medium-2 small-12 large-2\"  >\n\t\t\t\t<div class=\"col-inner\"  >\n\t\t\t\n\t\t\t\n\t\t<\/div>\n\t\t\t\t\t<\/div>\n\n\t\n<\/div>\n<span class=\"scroll-to\" data-label=\"Scroll to: #auktionsbedingngen\" data-bullet=\"false\" data-link=\"#auktionsbedingngen\" data-title=\"Change this\"><a name=\"auktionsbedingngen\"><\/a><\/span>\n<h2 style=\"text-align: center; margin-top: 50px;\">Auction conditions<\/h2>\n<div class=\"row\"  id=\"row-2098111570\">\n\n\t<div id=\"col-1108006497\" class=\"col small-12 large-12\"  >\n\t\t\t\t<div class=\"col-inner\"  >\n\t\t\t\n\t\t\t\n<div class=\"accordion\">\n<div id=\"accordion-383873564\" class=\"accordion-item accordion-auktion\"><a id=\"accordion-383873564-label\" href=\"#\" class=\"accordion-title plain\" aria-expanded=\"false\" aria-controls=\"accordion-383873564-content\"><button class=\"toggle\" aria-label=\"Toggle\"><i class=\"icon-angle-down\"><\/i><\/button><span>Sie k\u00f6nnen hier die kompletten Auktionsbedingungen lesen (Der Reiter l\u00e4sst sich ganz einfach \u00fcber das + Icon aufklappen)<\/span><\/a><div id=\"accordion-383873564-content\" class=\"accordion-inner\" aria-labelledby=\"accordion-383873564-label\">\n<p><span data-text-color=\"primary\"><strong>Hinweise<\/strong><\/span><\/p>\n<p style=\"margin: 0;\"><span data-text-color=\"primary\"><strong>Katalogbeschreibung<\/strong><\/span><\/p>\n<p>Bei allen Objekten in unserem Katalog handelt es sich um \u00bbgebrauchte\u00ab Dinge. Daher werden Spuren, die dem jeweiligen Alter und einer angemessenen \u00bbNutzung\u00ab entsprechen, nicht in allerletzter Ausf\u00fchrlichkeit erw\u00e4hnt. Zu allen St\u00fccken geben wir auf Nachfrage nat\u00fcrlich gern detailliert Auskunft. Bei Graphiken werden zun\u00e4chst die Ma\u00dfe der Druckplatte, danach die des Papierbogens angegeben. English translations, condition reports, and additional pictures are available on request.<\/p>\n<p style=\"margin: 0;\"><span data-text-color=\"primary\"><strong>Gebote abgeben<\/strong><\/span><\/p>\n<p>Gebot f\u00fcr unsere Auktion nehmen wir auch schriftlich entgegen. Benutzen Sie bitte das beiliegende Formular. Auch eine telefonische Teilnahme ist m\u00f6glich, wir rufen Sie dann w\u00e4hrend der Auktion an. Bitte senden Sie uns Gebote und Anmeldungen zum Telefonbieten bis sp\u00e4testens 24 Stunden vor Auktionsbeginn eintreffend. Please note: Your absentee bids or your registration for telephone bidding must be submitted at least 24 hours prior to start of the auction.<\/p>\n<p style=\"margin: 0;\"><span data-text-color=\"primary\"><strong>Live Auktion<\/strong><\/span><\/p>\n<p>Live-Bieten ist \u00fcber lot-tissimo.com oder invaluable.com m\u00f6glich. Registrierung, Verf\u00fcgbarkeit und Administration sind alleinige Angelegenheit des jeweiligen Betreibers. You can also participate in our auctions via www.lot-tissmo.com and invaluable.com. The terms of registration as well as the availability and administration are the sole responsibility of the respective provider.<\/p>\n<p style=\"margin: 0;\"><span data-text-color=\"primary\"><strong>Aufgeld und Mehrwertsteuer<\/strong><\/span><\/p>\n<p>Auf den Zuschlagpreis berechnen wir ein Aufgeld von 29 % (inklusive 19 % Mehrwertsteuer) oder je nach Erfordernis 21 % Aufgeld zzgl. Mehrwertsteuer (je nach Objekt 7% oder 19%, im Online-Katalog mit (R7) bzw. (R19) markiert). F\u00fcr K\u00e4ufer aus L\u00e4ndern au\u00dferhalb der EU und f\u00fcr EU-H\u00e4ndler mit VATNo. entf\u00e4llt die deutsche Mehrwertsteuer, wenn wir Ihre VATNo. bereits bei Gebotsabgabe erhalten. Folgerechtsanteil, Versand und Versicherung werden ggf. in Ihre Rechnung eingeschlossen. Buyer\u2018s premium is 29 % (incl. VAT) or 21 % (free of VAT for customers outside the EUC or EUC with VATNo. Please inform us about your VATNo. together with your absentee bids. We also will charge costs for shipment, insurance and \u2013 only for art works of 20th century \u2013 a half part of the resale rights tax.<\/p>\n<p style=\"margin: 0;\"><span data-text-color=\"primary\"><strong>Auktionsbedingungen<\/strong><\/span><\/p>\n<p>Die obigen Hinweise ersetzen nicht die nachfolgenden verbindlichen Versteigerungsbedingungen. Please note the Conditions for Sale (\u00bbAuktionsbedingungen\u00ab) below. An English translation we\u2018ll send you upon request.<\/p>\n<p style=\"margin: 0;\"><span data-text-color=\"primary\">1.<\/span><\/p>\n<p>Die Versteigerung erfolgt freiwillig auf Grund der Auftr\u00e4ge der Einlieferer. Sie wird in eigenem Namen f\u00fcr fremde Rechnung durchgef\u00fchrt und ist eine Versteigerung im Sinne der \u00a7\u00a7 383 III, 474 I 2 BGB.<\/p>\n<p style=\"margin: 0;\"><span data-text-color=\"primary\">2.<\/span><\/p>\n<p>Die im Katalog angegebenen Preise sind Sch\u00e4tzpreise, keine Limite. Der Ausrufpreis liegt in der Regel ein Drittel unter dem Sch\u00e4tzpreis. Das h\u00f6chste Gebot erh\u00e4lt nach dreimaligem Aufruf den Zuschlag. Im Falle von Meinungsverschiedenheiten \u00fcber die G\u00fcltigkeit eines Zuschlages beh\u00e4lt sich der Versteigerer das Recht vor, das Objekt noch einmal auszubieten. Dar\u00fcber hinaus beh\u00e4lt er sich das Recht vor, Nummern au\u00dferhalb der Reihenfolge zu versteigern, diese zusammenzufassen, zu trennen, auszulassen oder den Zuschlag unter Vorbehalt zu erteilen. Sollte ein Gebot in keinem Verh\u00e4ltnis zum Wert des St\u00fcckes stehen, darf der Versteigerer dieses ablehnen. Gebote von Bietern, die dem Versteigerer nicht bekannt sind, darf dieser ohne Angabe von Gr\u00fcnden zur\u00fcckweisen, wenn nicht vor der Versteigerung ausreichende Sicherheit geleistet worden ist.<\/p>\n<p style=\"margin: 0;\"><span data-text-color=\"primary\">3.<\/span><\/p>\n<p>Durch die Erteilung eines schriftlichen Auftrages oder durch die Abgabe seines Gebotes erkennt der Bieter diese Versteigerungsbedingungen ausdr\u00fccklich an.<\/p>\n<p style=\"margin: 0;\"><span data-text-color=\"primary\">4.<\/span><\/p>\n<p>S\u00e4mtliche zur Versteigerung gelangenden Gegenst\u00e4nde k\u00f6nnen vor der Auktion zu den angegebenen Zeiten besichtigt und gepr\u00fcft werden. Die zur Versteigerung gelangenden Gegenst\u00e4nde sind ausnahmslos gebraucht und werden in dem Zustand ver\u00e4u\u00dfert, in dem sie sich zum Zeitpunkt des Zuschlages befinden. Anspr\u00fcche des K\u00e4ufers gegen den Versteigerer wegen Sach- und Rechtsm\u00e4ngeln sind ausgeschlossen. Die Katalogbeschreibungen, die nach bestem Wissen und Gewissen erstellt wurden, enthalten im Rechtssinne weder Garantien noch Beschaffenheitsangaben. Der Ausschluss der Anspr\u00fcche wegen Sach- und Rechtsm\u00e4ngeln gilt nicht, wenn das Objekt unecht ist und der Versteigerer die fehlende Echtheit aufgrund ihm bekannt gewordener und erkennbarer Umst\u00e4nde oder aufgrund seiner Sachkunde h\u00e4tte erkennen k\u00f6nnen. Nicht ausgeschlossene Anspr\u00fcche wegen M\u00e4ngeln verj\u00e4hren innerhalb von einem Jahr ab \u00dcbergabe des versteigerten Objektes. Wenn Bieter im Auftrage Dritter bieten, k\u00f6nnen Reklamationen nur vom Bieter entgegengenommen werden.<\/p>\n<p style=\"margin: 0;\"><span data-text-color=\"primary\">5.<\/span><\/p>\n<p>Bieter, die im Auftrage Dritter Gebote abgeben, m\u00fcssen vor der Versteigerung Namen und Anschrift ihrer Auftraggeber dem Auktionator schriftlich bekannt geben. Bei Verz\u00f6gerung der Zahlung haften sie pers\u00f6nlich f\u00fcr alle dem Versteigerer entstehenden Sch\u00e4den, auch wenn die Rechnung auf ihren jeweiligen Auftraggeber ausgestellt ist.<\/p>\n<p style=\"margin: 0;\"><span data-text-color=\"primary\">6.<\/span><\/p>\n<p>Schriftliche Gebote werden durch den Versteigerer zum niedrigst m\u00f6glichen Zuschlag ausgef\u00fchrt. Sie m\u00fcssen sp\u00e4testens 24 Stunden vor Beginn der Versteigerung in den H\u00e4nden des Versteigerers sein. F\u00fcr die Bearbeitung von sp\u00e4ter eintreffenden Geboten kann keine Garantie \u00fcbernommen werden. Fehlerhaft \u00fcbermittelte Auftr\u00e4ge gehen zu Lasten des Bieters. Die in schriftlichen Auftr\u00e4gen genannten Preise gelten als Zuschlaglimite, zu denen das Aufgeld sowie die darauf entfallende Mehrwertsteuer hinzugerechnet werden m\u00fcssen.<\/p>\n<p style=\"margin: 0;\"><span data-text-color=\"primary\">7.<\/span><\/p>\n<p>Zum Zuschlagpreis addiert sich ein Aufgeld von 29 % (einschlie\u00dflich 19 % Mehrwertsteuer) (Differenzbesteuerung). Bei diesem Verfahren ist kein Ausweis und keine Erstattung der Mehrwertsteuer m\u00f6glich. 2% Folgerechtsanteil, Versand-, Versicherungs- und ggf. weitere Kosten werden zus\u00e4tzlich berechnet.<\/p>\n<p>F\u00fcr Objekte, die dies erfordern, auf Kundenwunsch und f\u00fcr K\u00e4ufer, die uns als Gewerbetreibende erkennbar sind, stellen wir die Rechnung regelbesteuert, d.h. mit ausgewiesener Umsatzsteuer aus. Zum Zuschlagpreis wird dann ein Aufgeld von 21 % addiert. Auf den Gesamtbetrag (welcher ggf. Versand- und Versicherungskosten sowie einen Anteil f\u00fcr das vom Versteigerer f\u00fcr bestimmte Objekte zu entrichtende Folgerecht in H\u00f6he von 2% des Zuschlagpreises enth\u00e4lt) wird dann in die Mehrwertsteuer erhoben.<\/p>\n<p>Seit dem 1. Januar 2014 unterliegen Kunstgegenst\u00e4nde (Zeichnungen, Originalgraphiken, Skulpturen, Fotografien), Sammlungsgegenst\u00e4nde (auch Autographen) und Antiquit\u00e4ten dem vollen Mehrwertsteuersatz (19%). F\u00fcr B\u00fccher, auch ungebunden und in Teilen gilt weiterhin die erm\u00e4\u00dfigte Mehrwertsteuer (7%).<\/p>\n<p>Katalognummern, die der Regelbesteuerung unterliegen, sind gekennzeichnet: 19 % mit (R19), 7 % mit (R7)<\/p>\n<p>Ausl\u00e4ndischen Kunden aus dem EU-Gebiet, welche uns vor Auktion ihre VAT-Nummer mitteilen, wird die Mehrwertsteuer nicht berechnet; ausl\u00e4ndischen Kunden aus Drittl\u00e4ndern au\u00dferhalb der EU wird sie nach Erbringung des Ausfuhrnachweises erstattet bzw. bei Versand durch uns gar nicht erst berechnet. Erst durch R\u00fccksendung einer von den deutschen Finanzbeh\u00f6rden geforderten \u00bbGelangensbest\u00e4tigung\u00ab ist, wenn wir diese der Rechnung bzw. Sendung beilegen, der Empf\u00e4nger von der Mehrwertsteuerpflicht befreit.<\/p>\n<p style=\"margin: 0;\"><span data-text-color=\"primary\">8.<\/span><\/p>\n<p>Mit dem Zuschlag kommt zwischen dem K\u00e4ufer und dem Versteigerer ein Kaufvertrag zustande. Der Zuschlag verpflichtet zur Zahlung. Das Eigentum geht erst mit der vollst\u00e4ndigen Bezahlung des Rechnungsbetrages in EURO, die Gefahr gegen\u00fcber jeglichem Schaden bereits mit dem Zuschlag an den Ersteigerer \u00fcber.<\/p>\n<p style=\"margin: 0;\"><span data-text-color=\"primary\">9.<\/span><\/p>\n<p>Die Auslieferung der ersteigerten Gegenst\u00e4nde erfolgt in der Woche nach der Auktion auf Terminvereinbarung. Lagerung und Versand der ersteigerten Objekte erfolgen auf Rechnung und Gefahr der K\u00e4ufer. Der Versand des ersteigerten Auktionsgutes erfolgt ausschlie\u00dflich nach vollst\u00e4ndiger Bezahlung des Rechnungsbetrages. Der Versteigerer ist berechtigt, falls nicht innerhalb von drei Wochen nach der Auktion vollst\u00e4ndige Zahlung geleistet worden ist, den durch den Zuschlag zustandegekommenen Kaufpreis ohne weitere Fristsetzung zu annullieren, Verzugszinsen in bank\u00fcblicher H\u00f6he zu belasten und von dem Ersteigerer Schadenersatz wegen Nichterf\u00fcllung zu verlangen. Bei Verz\u00f6gerung der Zahlung haftet der K\u00e4ufer dar\u00fcber hinaus f\u00fcr alle weiteren Kosten des Versteigerers, insbesondere f\u00fcr Lagerung, Versicherung sowie eventuelle Zins- und W\u00e4hrungsverluste.<\/p>\n<p style=\"margin: 0;\"><span data-text-color=\"primary\">10.<\/span><\/p>\n<p>Es gilt deutsches Recht. Die Vorschriften des einheitlichen internationalen Kaufrechts sowie des Fernabnahmegesetzes finden keine Anwendung.<\/p>\n<p style=\"margin: 0;\"><span data-text-color=\"primary\">11.<\/span><\/p>\n<p>Sollte eine der vorstehenden Bestimmung unwirksam sein, so wird die G\u00fcltigkeit der \u00fcbrigen dadurch nicht ber\u00fchrt.<\/p>\n<p style=\"margin: 0;\"><span data-text-color=\"primary\">12.<\/span><\/p>\n<p>Erf\u00fcllungsort und Gerichtsstand ist Hamburg.<\/p>\n<p>Christian Hesse<br \/>\nVereidigter und \u00f6ffentlich bestellter Versteigerer<\/p>\n<\/div><\/div>\n<\/div>\n\t\t<\/div>\n\t\t\t\t\t<\/div>\n\n\t\n<\/div>\n<h2 style=\"text-align: center; margin-top: 40px;\">Einliefern &amp; Verkaufen<\/h2>\n<p style=\"text-align: center;\">Einlieferungen f\u00fcr unsere halbj\u00e4hrlichen Auktionen nehmen wir jederzeit entgegen \u2013<br \/>\nf\u00fcr die Maiauktionen bis etwa Mitte M\u00e4rz, f\u00fcr die Novemberauktionen bis Mitte September.<\/p>\n<p style=\"text-align: center;\">Die Einlieferungskonditionen m\u00f6chten wir gern mit Ihnen pers\u00f6nlich besprechen.<br \/>\nAuf Anfrage senden wir Ihnen nat\u00fcrlich auch unseren Standardvertrag.<\/p>\n\t\t<\/div>\n\n\t\t\n<style>\n#section_1307016245 {\n  padding-top: 30px;\n  padding-bottom: 30px;\n}\n#section_1307016245 .ux-shape-divider--top svg {\n  height: 150px;\n  --divider-top-width: 100%;\n}\n#section_1307016245 .ux-shape-divider--bottom svg {\n  height: 150px;\n  --divider-width: 100%;\n}\n<\/style>\n\t<\/section>\n\t\n","protected":false},"excerpt":{"rendered":"","protected":false},"author":1,"featured_media":0,"parent":0,"menu_order":0,"comment_status":"closed","ping_status":"closed","template":"page-blank.php","meta":{"inline_featured_image":false,"footnotes":""},"class_list":["post-1852","page","type-page","status-publish","hentry"],"_links":{"self":[{"href":"https:\/\/hesse-auktionen.de\/en\/wp-json\/wp\/v2\/pages\/1852","targetHints":{"allow":["GET"]}}],"collection":[{"href":"https:\/\/hesse-auktionen.de\/en\/wp-json\/wp\/v2\/pages"}],"about":[{"href":"https:\/\/hesse-auktionen.de\/en\/wp-json\/wp\/v2\/types\/page"}],"author":[{"embeddable":true,"href":"https:\/\/hesse-auktionen.de\/en\/wp-json\/wp\/v2\/users\/1"}],"replies":[{"embeddable":true,"href":"https:\/\/hesse-auktionen.de\/en\/wp-json\/wp\/v2\/comments?post=1852"}],"version-history":[{"count":16,"href":"https:\/\/hesse-auktionen.de\/en\/wp-json\/wp\/v2\/pages\/1852\/revisions"}],"predecessor-version":[{"id":17305,"href":"https:\/\/hesse-auktionen.de\/en\/wp-json\/wp\/v2\/pages\/1852\/revisions\/17305"}],"wp:attachment":[{"href":"https:\/\/hesse-auktionen.de\/en\/wp-json\/wp\/v2\/media?parent=1852"}],"curies":[{"name":"wp","href":"https:\/\/api.w.org\/{rel}","templated":true}]}}